{"id":73,"date":"2023-04-16T09:27:06","date_gmt":"2023-04-16T09:27:06","guid":{"rendered":"https:\/\/forever-embraced.com\/?page_id=73"},"modified":"2023-04-16T12:39:05","modified_gmt":"2023-04-16T12:39:05","slug":"o-nama","status":"publish","type":"page","link":"https:\/\/forever-embraced.com\/?page_id=73","title":{"rendered":"O nama"},"content":{"rendered":"\t\t<div data-elementor-type=\"wp-page\" data-elementor-id=\"73\" class=\"elementor elementor-73\">\n\t\t\t\t\t\t\t\t\t<section class=\"elementor-section elementor-top-section elementor-element elementor-element-d126d03 elementor-section-boxed elementor-section-height-default elementor-section-height-default\" data-id=\"d126d03\" data-element_type=\"section\">\n\t\t\t\t\t\t<div class=\"elementor-container elementor-column-gap-default\">\n\t\t\t\t\t<div class=\"elementor-column elementor-col-50 elementor-top-column elementor-element elementor-element-c3529b2\" data-id=\"c3529b2\" data-element_type=\"column\">\n\t\t\t<div class=\"elementor-widget-wrap elementor-element-populated\">\n\t\t\t\t\t\t\t\t<div class=\"elementor-element elementor-element-13bed1b elementor-widget elementor-widget-image\" data-id=\"13bed1b\" data-element_type=\"widget\" data-widget_type=\"image.default\">\n\t\t\t\t<div class=\"elementor-widget-container\">\n\t\t\t<style>\/*! elementor - v3.13.3 - 28-05-2023 *\/\n.elementor-widget-image{text-align:center}.elementor-widget-image a{display:inline-block}.elementor-widget-image a img[src$=\".svg\"]{width:48px}.elementor-widget-image img{vertical-align:middle;display:inline-block}<\/style>\t\t\t\t\t\t\t\t\t\t\t\t<img decoding=\"async\" width=\"743\" height=\"1024\" src=\"https:\/\/forever-embraced.com\/wp-content\/uploads\/2023\/04\/IMG_3901-743x1024.jpg\" class=\"attachment-large size-large wp-image-76\" alt=\"\" loading=\"lazy\" srcset=\"https:\/\/forever-embraced.com\/wp-content\/uploads\/2023\/04\/IMG_3901-743x1024.jpg 743w, https:\/\/forever-embraced.com\/wp-content\/uploads\/2023\/04\/IMG_3901-218x300.jpg 218w, https:\/\/forever-embraced.com\/wp-content\/uploads\/2023\/04\/IMG_3901-768x1058.jpg 768w, https:\/\/forever-embraced.com\/wp-content\/uploads\/2023\/04\/IMG_3901-1115x1536.jpg 1115w, https:\/\/forever-embraced.com\/wp-content\/uploads\/2023\/04\/IMG_3901.jpg 1486w\" sizes=\"(max-width: 743px) 100vw, 743px\" \/>\t\t\t\t\t\t\t\t\t\t\t\t\t\t\t<\/div>\n\t\t\t\t<\/div>\n\t\t\t\t\t<\/div>\n\t\t<\/div>\n\t\t\t\t<div class=\"elementor-column elementor-col-50 elementor-top-column elementor-element elementor-element-68be9a6\" data-id=\"68be9a6\" data-element_type=\"column\">\n\t\t\t<div class=\"elementor-widget-wrap elementor-element-populated\">\n\t\t\t\t\t\t\t\t<div class=\"elementor-element elementor-element-f34efce elementor-widget elementor-widget-text-editor\" data-id=\"f34efce\" data-element_type=\"widget\" data-widget_type=\"text-editor.default\">\n\t\t\t\t<div class=\"elementor-widget-container\">\n\t\t\t<style>\/*! elementor - v3.13.3 - 28-05-2023 *\/\n.elementor-widget-text-editor.elementor-drop-cap-view-stacked .elementor-drop-cap{background-color:#69727d;color:#fff}.elementor-widget-text-editor.elementor-drop-cap-view-framed .elementor-drop-cap{color:#69727d;border:3px solid;background-color:transparent}.elementor-widget-text-editor:not(.elementor-drop-cap-view-default) .elementor-drop-cap{margin-top:8px}.elementor-widget-text-editor:not(.elementor-drop-cap-view-default) .elementor-drop-cap-letter{width:1em;height:1em}.elementor-widget-text-editor .elementor-drop-cap{float:left;text-align:center;line-height:1;font-size:50px}.elementor-widget-text-editor .elementor-drop-cap-letter{display:inline-block}<\/style>\t\t\t\t<div dir=\"auto\">Svoj smo \u017eivot posvetili spa\u0161avanju \u017eivotinja kao i odgovornom uzgoju nama omiljenih pasmina i uz pomno birane i zdrave pse s kojima idemo u uzgoj i ponosno ih prezentiramo na izlo\u017ebama ~ na\u0161 je najsretniji zadatak prona\u0107i im odgovaraju\u0107e domove pune ljubavi gdje \u0107e biti pa\u017eeni i ma\u017eeni do kraja njihovih \u017eivota.\u00a0<\/div><div dir=\"auto\">\u00a0<\/div><div dir=\"auto\">Od tuda i s tom \u017eeljom dolazi i ime na\u0161e uzgajiva\u010dnice koja je osnovana 2006 dolaskom na\u0161e prve golden retriverice Lu davne 2004 gdje je zapo\u010dela na\u0161a pri\u010da.<\/div><div dir=\"auto\">\u00a0<\/div><div dir=\"auto\">Za mene dok sam jo\u0161 bila dijete golden retriveri su bili oli\u010denje onog \u0161to pas predstavlja i svojim izgledom i svojim karakterom ~ zlatni pas.<\/div><div dir=\"auto\">\u00a0<\/div><div dir=\"auto\">Uz retrivere moja velika ljubav bili su i corgiji.\u00a0<span style=\"font-size: large; letter-spacing: 0px;\">22 godine sam ih promatrala i u\u010dila o njima.\u00a0<\/span><span style=\"letter-spacing: 0px;\">I nakon \u0161to smo poslo\u017eili neke na\u0161e \u017eivotne obveze i du\u017enosti u na\u0161 su \u017eivot 2021 napokon u\u0161le i \u017eeljno is\u010dekivane corgice Ma\u0161a i Bee, a kasnije jo\u0161 mnogo predivnih pasa.<\/span><\/div><div dir=\"auto\">\u00a0<\/div><div dir=\"auto\">\u00a0<\/div>\t\t\t\t\t\t<\/div>\n\t\t\t\t<\/div>\n\t\t\t\t<div class=\"elementor-element elementor-element-6f2944a elementor-widget elementor-widget-text-editor\" data-id=\"6f2944a\" data-element_type=\"widget\" data-widget_type=\"text-editor.default\">\n\t\t\t\t<div class=\"elementor-widget-container\">\n\t\t\t\t\t\t\t<div dir=\"auto\">Nadamo se da \u0107ete skupa s nama u\u017eivati u na\u0161im psima.<\/div>\t\t\t\t\t\t<\/div>\n\t\t\t\t<\/div>\n\t\t\t\t\t<\/div>\n\t\t<\/div>\n\t\t\t\t\t\t\t<\/div>\n\t\t<\/section>\n\t\t\t\t\t\t\t<\/div>\n\t\t","protected":false},"excerpt":{"rendered":"<p>Svoj smo \u017eivot posvetili spa\u0161avanju \u017eivotinja kao i odgovornom uzgoju nama omiljenih pasmina i uz pomno birane i zdrave pse s kojima idemo u uzgoj i ponosno ih prezentiramo na izlo\u017ebama ~ na\u0161 je najsretniji zadatak prona\u0107i im odgovaraju\u0107e domove &hellip; <a class=\"kt-excerpt-readmore more-link\" href=\"https:\/\/forever-embraced.com\/?page_id=73\">Read More<\/a><\/p>\n","protected":false},"author":1,"featured_media":0,"parent":0,"menu_order":0,"comment_status":"closed","ping_status":"closed","template":"","meta":[],"_links":{"self":[{"href":"https:\/\/forever-embraced.com\/index.php?rest_route=\/wp\/v2\/pages\/73"}],"collection":[{"href":"https:\/\/forever-embraced.com\/index.php?rest_route=\/wp\/v2\/pages"}],"about":[{"href":"https:\/\/forever-embraced.com\/index.php?rest_route=\/wp\/v2\/types\/page"}],"author":[{"embeddable":true,"href":"https:\/\/forever-embraced.com\/index.php?rest_route=\/wp\/v2\/users\/1"}],"replies":[{"embeddable":true,"href":"https:\/\/forever-embraced.com\/index.php?rest_route=%2Fwp%2Fv2%2Fcomments&post=73"}],"version-history":[{"count":7,"href":"https:\/\/forever-embraced.com\/index.php?rest_route=\/wp\/v2\/pages\/73\/revisions"}],"predecessor-version":[{"id":84,"href":"https:\/\/forever-embraced.com\/index.php?rest_route=\/wp\/v2\/pages\/73\/revisions\/84"}],"wp:attachment":[{"href":"https:\/\/forever-embraced.com\/index.php?rest_route=%2Fwp%2Fv2%2Fmedia&parent=73"}],"curies":[{"name":"wp","href":"https:\/\/api.w.org\/{rel}","templated":true}]}}